{"id":1067,"date":"2023-12-05T08:13:25","date_gmt":"2023-12-05T11:13:25","guid":{"rendered":"https:\/\/poraidebarraca.com.br\/experience\/?post_type=product&#038;p=1067"},"modified":"2026-01-23T10:05:17","modified_gmt":"2026-01-23T13:05:17","slug":"barraca03pessoas","status":"publish","type":"product","link":"https:\/\/poraidebarraca.com.br\/experience\/produto\/barraca03pessoas\/","title":{"rendered":"Barraca para 03 pessoas"},"content":{"rendered":"<p>Nosso pacote inclui duas di\u00e1rias com pens\u00e3o completa. Entrada na sexta a partir das 16h e sa\u00edda domingo at\u00e9 as 15h.<br \/>\nEst\u00e1 tudo incluso, voc\u00eas s\u00f3 levam as roupas de cama e as bebidas!<\/p>\n","protected":false},"excerpt":{"rendered":"<p>Nosso pacote inclui duas di\u00e1rias com pens\u00e3o completa. Entrada na sexta a partir das 16h e sa\u00edda domingo at\u00e9 as 15h.<br \/>\nEst\u00e1 tudo incluso, voc\u00eas s\u00f3 levam as roupas de cama e as bebidas!<\/p>\n","protected":false},"featured_media":1218,"template":"","meta":{"_et_pb_use_builder":"","_et_pb_old_content":"","_et_gb_content_width":"","_joinchat":[]},"product_brand":[],"product_cat":[22],"product_tag":[],"class_list":{"0":"post-1067","1":"product","2":"type-product","3":"status-publish","4":"has-post-thumbnail","6":"product_cat-reservas","8":"first","9":"instock","10":"virtual","11":"sold-individually","12":"purchasable","13":"product-type-simple"},"_links":{"self":[{"href":"https:\/\/poraidebarraca.com.br\/experience\/wp-json\/wp\/v2\/product\/1067","targetHints":{"allow":["GET"]}}],"collection":[{"href":"https:\/\/poraidebarraca.com.br\/experience\/wp-json\/wp\/v2\/product"}],"about":[{"href":"https:\/\/poraidebarraca.com.br\/experience\/wp-json\/wp\/v2\/types\/product"}],"wp:featuredmedia":[{"embeddable":true,"href":"https:\/\/poraidebarraca.com.br\/experience\/wp-json\/wp\/v2\/media\/1218"}],"wp:attachment":[{"href":"https:\/\/poraidebarraca.com.br\/experience\/wp-json\/wp\/v2\/media?parent=1067"}],"wp:term":[{"taxonomy":"product_brand","embeddable":true,"href":"https:\/\/poraidebarraca.com.br\/experience\/wp-json\/wp\/v2\/product_brand?post=1067"},{"taxonomy":"product_cat","embeddable":true,"href":"https:\/\/poraidebarraca.com.br\/experience\/wp-json\/wp\/v2\/product_cat?post=1067"},{"taxonomy":"product_tag","embeddable":true,"href":"https:\/\/poraidebarraca.com.br\/experience\/wp-json\/wp\/v2\/product_tag?post=1067"}],"curies":[{"name":"wp","href":"https:\/\/api.w.org\/{rel}","templated":true}]}}